




{"id":1532,"date":"2022-03-15T15:24:26","date_gmt":"2022-03-15T15:24:26","guid":{"rendered":"https:\/\/pedagogia.fcep.urv.cat\/aulaidees\/?page_id=1532"},"modified":"2022-03-15T15:29:14","modified_gmt":"2022-03-15T15:29:14","slug":"zona-maker","status":"publish","type":"page","link":"https:\/\/pedagogia.fcep.urv.cat\/aulaidees\/index.php\/zona-maker\/","title":{"rendered":"Zona Maker"},"content":{"rendered":"\t\t<div data-elementor-type=\"wp-page\" data-elementor-id=\"1532\" class=\"elementor elementor-1532\">\n\t\t\t\t\t\t\t\t\t<section class=\"elementor-section elementor-top-section elementor-element elementor-element-6c6e35d elementor-section-boxed elementor-section-height-default elementor-section-height-default\" data-id=\"6c6e35d\" data-element_type=\"section\">\n\t\t\t\t\t\t<div class=\"elementor-container elementor-column-gap-default\">\n\t\t\t\t\t<div class=\"elementor-column elementor-col-50 elementor-top-column elementor-element elementor-element-4038383\" data-id=\"4038383\" data-element_type=\"column\">\n\t\t\t<div class=\"elementor-widget-wrap elementor-element-populated\">\n\t\t\t\t\t\t\t\t<div class=\"elementor-element elementor-element-f7217a3 elementor-widget elementor-widget-image\" data-id=\"f7217a3\" data-element_type=\"widget\" data-widget_type=\"image.default\">\n\t\t\t\t<div class=\"elementor-widget-container\">\n\t\t\t<style>\/*! elementor - v3.6.7 - 03-07-2022 *\/\n.elementor-widget-image{text-align:center}.elementor-widget-image a{display:inline-block}.elementor-widget-image a img[src$=\".svg\"]{width:48px}.elementor-widget-image img{vertical-align:middle;display:inline-block}<\/style>\t\t\t\t\t\t\t\t\t\t\t\t<img loading=\"lazy\" decoding=\"async\" width=\"640\" height=\"480\" src=\"https:\/\/pedagogia.fcep.urv.cat\/aulaidees\/wp-content\/uploads\/2022\/03\/IMG_7615-768x576.jpeg\" class=\"attachment-medium_large size-medium_large\" alt=\"\" srcset=\"https:\/\/pedagogia.fcep.urv.cat\/aulaidees\/wp-content\/uploads\/2022\/03\/IMG_7615-768x576.jpeg 768w, https:\/\/pedagogia.fcep.urv.cat\/aulaidees\/wp-content\/uploads\/2022\/03\/IMG_7615-300x225.jpeg 300w, https:\/\/pedagogia.fcep.urv.cat\/aulaidees\/wp-content\/uploads\/2022\/03\/IMG_7615-1024x768.jpeg 1024w, https:\/\/pedagogia.fcep.urv.cat\/aulaidees\/wp-content\/uploads\/2022\/03\/IMG_7615-1536x1152.jpeg 1536w, https:\/\/pedagogia.fcep.urv.cat\/aulaidees\/wp-content\/uploads\/2022\/03\/IMG_7615-600x450.jpeg 600w, https:\/\/pedagogia.fcep.urv.cat\/aulaidees\/wp-content\/uploads\/2022\/03\/IMG_7615.jpeg 2048w\" sizes=\"auto, (max-width: 640px) 100vw, 640px\" \/>\t\t\t\t\t\t\t\t\t\t\t\t\t\t\t<\/div>\n\t\t\t\t<\/div>\n\t\t\t\t\t<\/div>\n\t\t<\/div>\n\t\t\t\t<div class=\"elementor-column elementor-col-50 elementor-top-column elementor-element elementor-element-e1f843d\" data-id=\"e1f843d\" data-element_type=\"column\">\n\t\t\t<div class=\"elementor-widget-wrap elementor-element-populated\">\n\t\t\t\t\t\t\t\t<div class=\"elementor-element elementor-element-9507fd1 elementor-widget elementor-widget-text-editor\" data-id=\"9507fd1\" data-element_type=\"widget\" data-widget_type=\"text-editor.default\">\n\t\t\t\t<div class=\"elementor-widget-container\">\n\t\t\t<style>\/*! elementor - v3.6.7 - 03-07-2022 *\/\n.elementor-widget-text-editor.elementor-drop-cap-view-stacked .elementor-drop-cap{background-color:#818a91;color:#fff}.elementor-widget-text-editor.elementor-drop-cap-view-framed .elementor-drop-cap{color:#818a91;border:3px solid;background-color:transparent}.elementor-widget-text-editor:not(.elementor-drop-cap-view-default) .elementor-drop-cap{margin-top:8px}.elementor-widget-text-editor:not(.elementor-drop-cap-view-default) .elementor-drop-cap-letter{width:1em;height:1em}.elementor-widget-text-editor .elementor-drop-cap{float:left;text-align:center;line-height:1;font-size:50px}.elementor-widget-text-editor .elementor-drop-cap-letter{display:inline-block}<\/style>\t\t\t\t<h5>Zona Maker<\/h5><p>Zona de creaci\u00f3 i disseny per impulsar la creativitat dels usuaris i l\u2019\u00fas de les eines. Aquest espai \u00e9s din\u00e0mic i est\u00e0 equipat amb les \u00faltimes tecnologies.<\/p>\t\t\t\t\t\t<\/div>\n\t\t\t\t<\/div>\n\t\t\t\t\t<\/div>\n\t\t<\/div>\n\t\t\t\t\t\t\t<\/div>\n\t\t<\/section>\n\t\t\t\t\t\t\t<\/div>\n\t\t","protected":false},"excerpt":{"rendered":"<p>Zona Maker Zona de creaci\u00f3 i disseny per impulsar [&hellip;]<\/p>\n","protected":false},"author":2,"featured_media":0,"parent":0,"menu_order":0,"comment_status":"closed","ping_status":"closed","template":"","meta":{"footnotes":""},"class_list":["post-1532","page","type-page","status-publish","hentry"],"yoast_head":"<!-- This site is optimized with the Yoast SEO plugin v19.3 - https:\/\/yoast.com\/wordpress\/plugins\/seo\/ -->\n<title>Zona Maker - aulaidees<\/title>\n<meta name=\"description\" content=\"Zona MakerZona de creaci\u00f3 i disseny per impulsar la creativitat dels usuaris i l\u2019\u00fas de les eines. Aquest espai \u00e9s din\u00e0mic i est\u00e0 equipat amb les \u00faltimes\" \/>\n<meta name=\"robots\" content=\"index, follow, max-snippet:-1, max-image-preview:large, max-video-preview:-1\" \/>\n<link rel=\"canonical\" href=\"https:\/\/pedagogia.fcep.urv.cat\/aulaidees\/index.php\/zona-maker\/\" \/>\n<meta property=\"og:locale\" content=\"en_US\" \/>\n<meta property=\"og:type\" content=\"article\" \/>\n<meta property=\"og:title\" content=\"Zona Maker - aulaidees\" \/>\n<meta property=\"og:description\" content=\"Zona MakerZona de creaci\u00f3 i disseny per impulsar la creativitat dels usuaris i l\u2019\u00fas de les eines. Aquest espai \u00e9s din\u00e0mic i est\u00e0 equipat amb les \u00faltimes\" \/>\n<meta property=\"og:url\" content=\"https:\/\/pedagogia.fcep.urv.cat\/aulaidees\/index.php\/zona-maker\/\" \/>\n<meta property=\"og:site_name\" content=\"aulaidees\" \/>\n<meta property=\"article:modified_time\" content=\"2022-03-15T15:29:14+00:00\" \/>\n<meta property=\"og:image\" content=\"https:\/\/pedagogia.fcep.urv.cat\/aulaidees\/wp-content\/uploads\/2022\/03\/IMG_7615-768x576.jpeg\" \/>\n<meta name=\"twitter:card\" content=\"summary_large_image\" \/>\n<script type=\"application\/ld+json\" class=\"yoast-schema-graph\">{\"@context\":\"https:\/\/schema.org\",\"@graph\":[{\"@type\":\"Organization\",\"@id\":\"https:\/\/pedagogia.fcep.urv.cat\/aulaidees\/#organization\",\"name\":\"Universitat Rovira i Virgili\",\"url\":\"https:\/\/pedagogia.fcep.urv.cat\/aulaidees\/\",\"sameAs\":[],\"logo\":{\"@type\":\"ImageObject\",\"inLanguage\":\"en-US\",\"@id\":\"https:\/\/pedagogia.fcep.urv.cat\/aulaidees\/#\/schema\/logo\/image\/\",\"url\":\"https:\/\/pedagogia.fcep.urv.cat\/aulaidees\/wp-content\/uploads\/2022\/03\/512-WEB-Grow-Ideas-Bombillas-opcion-color.png\",\"contentUrl\":\"https:\/\/pedagogia.fcep.urv.cat\/aulaidees\/wp-content\/uploads\/2022\/03\/512-WEB-Grow-Ideas-Bombillas-opcion-color.png\",\"width\":512,\"height\":512,\"caption\":\"Universitat Rovira i Virgili\"},\"image\":{\"@id\":\"https:\/\/pedagogia.fcep.urv.cat\/aulaidees\/#\/schema\/logo\/image\/\"}},{\"@type\":\"WebSite\",\"@id\":\"https:\/\/pedagogia.fcep.urv.cat\/aulaidees\/#website\",\"url\":\"https:\/\/pedagogia.fcep.urv.cat\/aulaidees\/\",\"name\":\"aulaidees\",\"description\":\"Reinvent the classroom\",\"publisher\":{\"@id\":\"https:\/\/pedagogia.fcep.urv.cat\/aulaidees\/#organization\"},\"potentialAction\":[{\"@type\":\"SearchAction\",\"target\":{\"@type\":\"EntryPoint\",\"urlTemplate\":\"https:\/\/pedagogia.fcep.urv.cat\/aulaidees\/?s={search_term_string}\"},\"query-input\":\"required name=search_term_string\"}],\"inLanguage\":\"en-US\"},{\"@type\":\"ImageObject\",\"inLanguage\":\"en-US\",\"@id\":\"https:\/\/pedagogia.fcep.urv.cat\/aulaidees\/index.php\/zona-maker\/#primaryimage\",\"url\":\"https:\/\/pedagogia.fcep.urv.cat\/aulaidees\/wp-content\/uploads\/2022\/03\/IMG_7615.jpeg\",\"contentUrl\":\"https:\/\/pedagogia.fcep.urv.cat\/aulaidees\/wp-content\/uploads\/2022\/03\/IMG_7615.jpeg\",\"width\":2048,\"height\":1536},{\"@type\":\"WebPage\",\"@id\":\"https:\/\/pedagogia.fcep.urv.cat\/aulaidees\/index.php\/zona-maker\/\",\"url\":\"https:\/\/pedagogia.fcep.urv.cat\/aulaidees\/index.php\/zona-maker\/\",\"name\":\"Zona Maker - aulaidees\",\"isPartOf\":{\"@id\":\"https:\/\/pedagogia.fcep.urv.cat\/aulaidees\/#website\"},\"primaryImageOfPage\":{\"@id\":\"https:\/\/pedagogia.fcep.urv.cat\/aulaidees\/index.php\/zona-maker\/#primaryimage\"},\"datePublished\":\"2022-03-15T15:24:26+00:00\",\"dateModified\":\"2022-03-15T15:29:14+00:00\",\"description\":\"Zona MakerZona de creaci\u00f3 i disseny per impulsar la creativitat dels usuaris i l\u2019\u00fas de les eines. Aquest espai \u00e9s din\u00e0mic i est\u00e0 equipat amb les \u00faltimes\",\"breadcrumb\":{\"@id\":\"https:\/\/pedagogia.fcep.urv.cat\/aulaidees\/index.php\/zona-maker\/#breadcrumb\"},\"inLanguage\":\"en-US\",\"potentialAction\":[{\"@type\":\"ReadAction\",\"target\":[\"https:\/\/pedagogia.fcep.urv.cat\/aulaidees\/index.php\/zona-maker\/\"]}]},{\"@type\":\"BreadcrumbList\",\"@id\":\"https:\/\/pedagogia.fcep.urv.cat\/aulaidees\/index.php\/zona-maker\/#breadcrumb\",\"itemListElement\":[{\"@type\":\"ListItem\",\"position\":1,\"name\":\"Home\",\"item\":\"https:\/\/pedagogia.fcep.urv.cat\/aulaidees\/\"},{\"@type\":\"ListItem\",\"position\":2,\"name\":\"Zona Maker\"}]}]}<\/script>\n<!-- \/ Yoast SEO plugin. -->","yoast_head_json":{"title":"Zona Maker - aulaidees","description":"Zona MakerZona de creaci\u00f3 i disseny per impulsar la creativitat dels usuaris i l\u2019\u00fas de les eines. Aquest espai \u00e9s din\u00e0mic i est\u00e0 equipat amb les \u00faltimes","robots":{"index":"index","follow":"follow","max-snippet":"max-snippet:-1","max-image-preview":"max-image-preview:large","max-video-preview":"max-video-preview:-1"},"canonical":"https:\/\/pedagogia.fcep.urv.cat\/aulaidees\/index.php\/zona-maker\/","og_locale":"en_US","og_type":"article","og_title":"Zona Maker - aulaidees","og_description":"Zona MakerZona de creaci\u00f3 i disseny per impulsar la creativitat dels usuaris i l\u2019\u00fas de les eines. Aquest espai \u00e9s din\u00e0mic i est\u00e0 equipat amb les \u00faltimes","og_url":"https:\/\/pedagogia.fcep.urv.cat\/aulaidees\/index.php\/zona-maker\/","og_site_name":"aulaidees","article_modified_time":"2022-03-15T15:29:14+00:00","og_image":[{"url":"https:\/\/pedagogia.fcep.urv.cat\/aulaidees\/wp-content\/uploads\/2022\/03\/IMG_7615-768x576.jpeg"}],"twitter_card":"summary_large_image","schema":{"@context":"https:\/\/schema.org","@graph":[{"@type":"Organization","@id":"https:\/\/pedagogia.fcep.urv.cat\/aulaidees\/#organization","name":"Universitat Rovira i Virgili","url":"https:\/\/pedagogia.fcep.urv.cat\/aulaidees\/","sameAs":[],"logo":{"@type":"ImageObject","inLanguage":"en-US","@id":"https:\/\/pedagogia.fcep.urv.cat\/aulaidees\/#\/schema\/logo\/image\/","url":"https:\/\/pedagogia.fcep.urv.cat\/aulaidees\/wp-content\/uploads\/2022\/03\/512-WEB-Grow-Ideas-Bombillas-opcion-color.png","contentUrl":"https:\/\/pedagogia.fcep.urv.cat\/aulaidees\/wp-content\/uploads\/2022\/03\/512-WEB-Grow-Ideas-Bombillas-opcion-color.png","width":512,"height":512,"caption":"Universitat Rovira i Virgili"},"image":{"@id":"https:\/\/pedagogia.fcep.urv.cat\/aulaidees\/#\/schema\/logo\/image\/"}},{"@type":"WebSite","@id":"https:\/\/pedagogia.fcep.urv.cat\/aulaidees\/#website","url":"https:\/\/pedagogia.fcep.urv.cat\/aulaidees\/","name":"aulaidees","description":"Reinvent the classroom","publisher":{"@id":"https:\/\/pedagogia.fcep.urv.cat\/aulaidees\/#organization"},"potentialAction":[{"@type":"SearchAction","target":{"@type":"EntryPoint","urlTemplate":"https:\/\/pedagogia.fcep.urv.cat\/aulaidees\/?s={search_term_string}"},"query-input":"required name=search_term_string"}],"inLanguage":"en-US"},{"@type":"ImageObject","inLanguage":"en-US","@id":"https:\/\/pedagogia.fcep.urv.cat\/aulaidees\/index.php\/zona-maker\/#primaryimage","url":"https:\/\/pedagogia.fcep.urv.cat\/aulaidees\/wp-content\/uploads\/2022\/03\/IMG_7615.jpeg","contentUrl":"https:\/\/pedagogia.fcep.urv.cat\/aulaidees\/wp-content\/uploads\/2022\/03\/IMG_7615.jpeg","width":2048,"height":1536},{"@type":"WebPage","@id":"https:\/\/pedagogia.fcep.urv.cat\/aulaidees\/index.php\/zona-maker\/","url":"https:\/\/pedagogia.fcep.urv.cat\/aulaidees\/index.php\/zona-maker\/","name":"Zona Maker - aulaidees","isPartOf":{"@id":"https:\/\/pedagogia.fcep.urv.cat\/aulaidees\/#website"},"primaryImageOfPage":{"@id":"https:\/\/pedagogia.fcep.urv.cat\/aulaidees\/index.php\/zona-maker\/#primaryimage"},"datePublished":"2022-03-15T15:24:26+00:00","dateModified":"2022-03-15T15:29:14+00:00","description":"Zona MakerZona de creaci\u00f3 i disseny per impulsar la creativitat dels usuaris i l\u2019\u00fas de les eines. Aquest espai \u00e9s din\u00e0mic i est\u00e0 equipat amb les \u00faltimes","breadcrumb":{"@id":"https:\/\/pedagogia.fcep.urv.cat\/aulaidees\/index.php\/zona-maker\/#breadcrumb"},"inLanguage":"en-US","potentialAction":[{"@type":"ReadAction","target":["https:\/\/pedagogia.fcep.urv.cat\/aulaidees\/index.php\/zona-maker\/"]}]},{"@type":"BreadcrumbList","@id":"https:\/\/pedagogia.fcep.urv.cat\/aulaidees\/index.php\/zona-maker\/#breadcrumb","itemListElement":[{"@type":"ListItem","position":1,"name":"Home","item":"https:\/\/pedagogia.fcep.urv.cat\/aulaidees\/"},{"@type":"ListItem","position":2,"name":"Zona Maker"}]}]}},"_links":{"self":[{"href":"https:\/\/pedagogia.fcep.urv.cat\/aulaidees\/index.php\/wp-json\/wp\/v2\/pages\/1532","targetHints":{"allow":["GET"]}}],"collection":[{"href":"https:\/\/pedagogia.fcep.urv.cat\/aulaidees\/index.php\/wp-json\/wp\/v2\/pages"}],"about":[{"href":"https:\/\/pedagogia.fcep.urv.cat\/aulaidees\/index.php\/wp-json\/wp\/v2\/types\/page"}],"author":[{"embeddable":true,"href":"https:\/\/pedagogia.fcep.urv.cat\/aulaidees\/index.php\/wp-json\/wp\/v2\/users\/2"}],"replies":[{"embeddable":true,"href":"https:\/\/pedagogia.fcep.urv.cat\/aulaidees\/index.php\/wp-json\/wp\/v2\/comments?post=1532"}],"version-history":[{"count":16,"href":"https:\/\/pedagogia.fcep.urv.cat\/aulaidees\/index.php\/wp-json\/wp\/v2\/pages\/1532\/revisions"}],"predecessor-version":[{"id":1551,"href":"https:\/\/pedagogia.fcep.urv.cat\/aulaidees\/index.php\/wp-json\/wp\/v2\/pages\/1532\/revisions\/1551"}],"wp:attachment":[{"href":"https:\/\/pedagogia.fcep.urv.cat\/aulaidees\/index.php\/wp-json\/wp\/v2\/media?parent=1532"}],"curies":[{"name":"wp","href":"https:\/\/api.w.org\/{rel}","templated":true}]}}